
{"id":8012,"date":"2023-11-08T14:40:28","date_gmt":"2023-11-08T19:40:28","guid":{"rendered":"https:\/\/www.sabbagh.ca\/privacy-policy\/"},"modified":"2023-11-08T14:40:28","modified_gmt":"2023-11-08T19:40:28","slug":"privacy-policy","status":"publish","type":"page","link":"https:\/\/www.sabbagh.ca\/en\/privacy-policy\/","title":{"rendered":"Privacy policy"},"content":{"rendered":"<h2>Last update: November 8, 2023.<\/h2>\n<p>1. Company information<\/p>\n<p>&#8211; Company name: Sabbagh et Associ\u00e9 inc.<br \/>\n&#8211; Physical address: 500-1600 BOUL. Henri-Bourassa O Montr\u00e9al Qu\u00e9bec H3M3E2 Canada<br \/>\n&#8211; E-mail address: reception@sabbagh.ca<br \/>\n&#8211; Telephone number: (514) 596-1457<br \/>\n&#8211; Company registration (NEQ): 1176105816<\/p>\n<p>2. Type of information collected<\/p>\n<p>We only collect data that is sent to us directly by e-mail.<\/p>\n<p>3. Purpose of data collection<\/p>\n<p>We only keep e-mails sent to us by potential customers and suppliers for the purpose of replying to them.<\/p>\n<p>4. Consent and opt-in<\/p>\n<p>We have an opt-in feature on our website where customers can accept all or part of our privacy policy or reject it.<\/p>\n<p>5. Data storage and security<\/p>\n<p>We store this data on a local server in Montreal, and we take reasonable security measures to protect this information.<\/p>\n<p>6. Sharing with third parties<\/p>\n<p>We may share information with third-party companies such as Google Analytics and Google Ads primarily for the purpose of monitoring user traffic on our website.<\/p>\n<p>7. Cookies and tracking &#8211; We use cookies<\/p>\n<p>We use cookies and other tracking technologies to improve your browsing experience on our site, to show you personalized content and targeted advertising, to analyze our site traffic and to understand where our visitors come from.<\/p>\n<p>8. User rights<\/p>\n<p>All information can be viewed and deleted at the customer&#8217;s request.<\/p>\n<p>9. Data retention<\/p>\n<p>Third-party tools such as Google Analytics, Global site tag (gtag.js), Google Ads Remarketing Tag, Google Tag Manager may retain your browser information for up to one year. All information we receive by e-mail can be deleted at the customer&#8217;s request.<\/p>\n<p>10. Data breach notification<\/p>\n<p>In the event of a data breach, we inform our customers and the authorities by e-mail.<\/p>\n<p>11. Compliance with the law<\/p>\n<p>We comply with all the rules set out in law 25. For further information, please see [<a href=\"https:\/\/www.quebec.ca\/nouvelles\/actualites\/details\/loi-25-nouvelles-dispositions-protegeant-la-vie-privee-des-quebecois-certaines-dispositions-entrent-en-vigueur-aujourdhui-43212\">Law 25<\/a>].<\/p>\n<p>12. Contact information<\/p>\n<p>If you have any questions, concerns or comments about your privacy or this privacy policy, please contact :<\/p>\n<p>Mr Paul Sabbagh<br \/>\nE-mail: reception@sabbagh.ca<br \/>\nPhysical address: 500-1600 BOUL. Henri-Bourassa W., Montreal, Quebec, H3M3E2 Canada<\/p>\n","protected":false},"excerpt":{"rendered":"<p>Privacy policy &#8211; Sabbagh &amp; Associ\u00e9 Inc.<\/p>\n","protected":false},"author":5,"featured_media":0,"parent":0,"menu_order":0,"comment_status":"closed","ping_status":"closed","template":"","meta":{"_acf_changed":false,"_et_pb_use_builder":"","_et_pb_old_content":"","_et_gb_content_width":"","footnotes":""},"categories":[],"tags":[],"class_list":["post-8012","page","type-page","status-publish","hentry"],"acf":[],"yoast_head":"<!-- This site is optimized with the Yoast SEO Premium plugin v27.0 (Yoast SEO v27.0) - https:\/\/yoast.com\/product\/yoast-seo-premium-wordpress\/ -->\n<title>Privacy policy - Sabbagh &amp; Associ\u00e9 Inc.<\/title>\n<meta name=\"description\" content=\"Privacy policy - Sabbagh &amp; Associ\u00e9 Inc.\" \/>\n<meta name=\"robots\" content=\"index, follow, max-snippet:-1, max-image-preview:large, max-video-preview:-1\" \/>\n<link rel=\"canonical\" href=\"https:\/\/www.sabbagh.ca\/en\/privacy-policy\/\" \/>\n<meta property=\"og:locale\" content=\"en_US\" \/>\n<meta property=\"og:type\" content=\"article\" \/>\n<meta property=\"og:title\" content=\"Privacy policy\" \/>\n<meta property=\"og:description\" content=\"Privacy policy - Sabbagh &amp; Associ\u00e9 Inc.\" \/>\n<meta property=\"og:url\" content=\"https:\/\/www.sabbagh.ca\/en\/privacy-policy\/\" \/>\n<meta property=\"og:site_name\" content=\"Sabbagh &amp; Associ\u00e9 Inc.\" \/>\n<meta property=\"article:publisher\" content=\"https:\/\/www.facebook.com\/sabbaghassocie\" \/>\n<meta name=\"twitter:card\" content=\"summary_large_image\" \/>\n<meta name=\"twitter:label1\" content=\"Est. reading time\" \/>\n\t<meta name=\"twitter:data1\" content=\"2 minutes\" \/>\n<script type=\"application\/ld+json\" class=\"yoast-schema-graph\">{\"@context\":\"https:\/\/schema.org\",\"@graph\":[{\"@type\":\"WebPage\",\"@id\":\"https:\/\/www.sabbagh.ca\/en\/privacy-policy\/\",\"url\":\"https:\/\/www.sabbagh.ca\/en\/privacy-policy\/\",\"name\":\"Privacy policy - Sabbagh &amp; Associ\u00e9 Inc.\",\"isPartOf\":{\"@id\":\"https:\/\/www.sabbagh.ca\/en\/#website\"},\"datePublished\":\"2023-11-08T19:40:28+00:00\",\"description\":\"Privacy policy - Sabbagh & Associ\u00e9 Inc.\",\"breadcrumb\":{\"@id\":\"https:\/\/www.sabbagh.ca\/en\/privacy-policy\/#breadcrumb\"},\"inLanguage\":\"en-US\",\"potentialAction\":[{\"@type\":\"ReadAction\",\"target\":[\"https:\/\/www.sabbagh.ca\/en\/privacy-policy\/\"]}]},{\"@type\":\"BreadcrumbList\",\"@id\":\"https:\/\/www.sabbagh.ca\/en\/privacy-policy\/#breadcrumb\",\"itemListElement\":[{\"@type\":\"ListItem\",\"position\":1,\"name\":\"Home\",\"item\":\"https:\/\/www.sabbagh.ca\/en\/\"},{\"@type\":\"ListItem\",\"position\":2,\"name\":\"Privacy policy\"}]},{\"@type\":\"WebSite\",\"@id\":\"https:\/\/www.sabbagh.ca\/en\/#website\",\"url\":\"https:\/\/www.sabbagh.ca\/en\/\",\"name\":\"Sabbagh &amp; Associ\u00e9 Inc.\",\"description\":\"\",\"publisher\":{\"@id\":\"https:\/\/www.sabbagh.ca\/en\/#organization\"},\"potentialAction\":[{\"@type\":\"SearchAction\",\"target\":{\"@type\":\"EntryPoint\",\"urlTemplate\":\"https:\/\/www.sabbagh.ca\/en\/?s={search_term_string}\"},\"query-input\":{\"@type\":\"PropertyValueSpecification\",\"valueRequired\":true,\"valueName\":\"search_term_string\"}}],\"inLanguage\":\"en-US\"},{\"@type\":[\"Organization\",\"Place\"],\"@id\":\"https:\/\/www.sabbagh.ca\/en\/#organization\",\"name\":\"Sabbagh & Associ\u00e9\",\"alternateName\":\"Sabbagh et Associ\u00e9 Inc\",\"url\":\"https:\/\/www.sabbagh.ca\/en\/\",\"logo\":{\"@id\":\"https:\/\/www.sabbagh.ca\/en\/privacy-policy\/#local-main-organization-logo\"},\"image\":{\"@id\":\"https:\/\/www.sabbagh.ca\/en\/privacy-policy\/#local-main-organization-logo\"},\"sameAs\":[\"https:\/\/www.facebook.com\/sabbaghassocie\",\"https:\/\/www.linkedin.com\/company\/sabbagh-et-associe-inc\/\"],\"description\":\"Cabinet d\u2019avocats \u00e0 Montr\u00e9al depuis 30 ans. Notre cabinet est sp\u00e9cialis\u00e9 en mati\u00e8re de droit civil et en droit commercial. | Contactez-nous au 514-596-1457\",\"legalName\":\"Sabbagh & Associ\u00e9\",\"address\":{\"@id\":\"https:\/\/www.sabbagh.ca\/en\/privacy-policy\/#local-main-place-address\"},\"geo\":{\"@type\":\"GeoCoordinates\",\"latitude\":\"44.5235937\",\"longitude\":\"81.6608975\"},\"telephone\":[\"514 596 1457\"],\"contactPoint\":{\"@type\":\"ContactPoint\",\"telephone\":\"514 596 1457\",\"email\":\"reception@sabbagh.ca\"},\"openingHoursSpecification\":[{\"@type\":\"OpeningHoursSpecification\",\"dayOfWeek\":[\"Monday\",\"Tuesday\",\"Wednesday\",\"Thursday\",\"Friday\"],\"opens\":\"09:00\",\"closes\":\"17:00\"},{\"@type\":\"OpeningHoursSpecification\",\"dayOfWeek\":[\"Saturday\",\"Sunday\"],\"opens\":\"00:00\",\"closes\":\"00:00\"}],\"email\":\"reception@sabbagh.ca\"},{\"@type\":\"PostalAddress\",\"@id\":\"https:\/\/www.sabbagh.ca\/en\/privacy-policy\/#local-main-place-address\",\"streetAddress\":\"1600 Boul. Henri-Bourassa Ouest, Bureau 500\",\"addressLocality\":\"Montreal\",\"postalCode\":\"H3M 3E2\",\"addressCountry\":\"CA\"},{\"@type\":\"ImageObject\",\"inLanguage\":\"en-US\",\"@id\":\"https:\/\/www.sabbagh.ca\/en\/privacy-policy\/#local-main-organization-logo\",\"url\":\"https:\/\/www.sabbagh.ca\/wp-content\/uploads\/2017\/01\/logo.gif\",\"contentUrl\":\"https:\/\/www.sabbagh.ca\/wp-content\/uploads\/2017\/01\/logo.gif\",\"width\":476,\"height\":120,\"caption\":\"Sabbagh & Associ\u00e9\"}]}<\/script>\n<meta name=\"geo.placename\" content=\"Montreal\" \/>\n<meta name=\"geo.position\" content=\"44.5235937;81.6608975\" \/>\n<meta name=\"geo.region\" content=\"Canada\" \/>\n<!-- \/ Yoast SEO Premium plugin. -->","yoast_head_json":{"title":"Privacy policy - Sabbagh &amp; Associ\u00e9 Inc.","description":"Privacy policy - Sabbagh & Associ\u00e9 Inc.","robots":{"index":"index","follow":"follow","max-snippet":"max-snippet:-1","max-image-preview":"max-image-preview:large","max-video-preview":"max-video-preview:-1"},"canonical":"https:\/\/www.sabbagh.ca\/en\/privacy-policy\/","og_locale":"en_US","og_type":"article","og_title":"Privacy policy","og_description":"Privacy policy - Sabbagh &amp; Associ\u00e9 Inc.","og_url":"https:\/\/www.sabbagh.ca\/en\/privacy-policy\/","og_site_name":"Sabbagh &amp; Associ\u00e9 Inc.","article_publisher":"https:\/\/www.facebook.com\/sabbaghassocie","twitter_card":"summary_large_image","twitter_misc":{"Est. reading time":"2 minutes"},"schema":{"@context":"https:\/\/schema.org","@graph":[{"@type":"WebPage","@id":"https:\/\/www.sabbagh.ca\/en\/privacy-policy\/","url":"https:\/\/www.sabbagh.ca\/en\/privacy-policy\/","name":"Privacy policy - Sabbagh &amp; Associ\u00e9 Inc.","isPartOf":{"@id":"https:\/\/www.sabbagh.ca\/en\/#website"},"datePublished":"2023-11-08T19:40:28+00:00","description":"Privacy policy - Sabbagh & Associ\u00e9 Inc.","breadcrumb":{"@id":"https:\/\/www.sabbagh.ca\/en\/privacy-policy\/#breadcrumb"},"inLanguage":"en-US","potentialAction":[{"@type":"ReadAction","target":["https:\/\/www.sabbagh.ca\/en\/privacy-policy\/"]}]},{"@type":"BreadcrumbList","@id":"https:\/\/www.sabbagh.ca\/en\/privacy-policy\/#breadcrumb","itemListElement":[{"@type":"ListItem","position":1,"name":"Home","item":"https:\/\/www.sabbagh.ca\/en\/"},{"@type":"ListItem","position":2,"name":"Privacy policy"}]},{"@type":"WebSite","@id":"https:\/\/www.sabbagh.ca\/en\/#website","url":"https:\/\/www.sabbagh.ca\/en\/","name":"Sabbagh &amp; Associ\u00e9 Inc.","description":"","publisher":{"@id":"https:\/\/www.sabbagh.ca\/en\/#organization"},"potentialAction":[{"@type":"SearchAction","target":{"@type":"EntryPoint","urlTemplate":"https:\/\/www.sabbagh.ca\/en\/?s={search_term_string}"},"query-input":{"@type":"PropertyValueSpecification","valueRequired":true,"valueName":"search_term_string"}}],"inLanguage":"en-US"},{"@type":["Organization","Place"],"@id":"https:\/\/www.sabbagh.ca\/en\/#organization","name":"Sabbagh & Associ\u00e9","alternateName":"Sabbagh et Associ\u00e9 Inc","url":"https:\/\/www.sabbagh.ca\/en\/","logo":{"@id":"https:\/\/www.sabbagh.ca\/en\/privacy-policy\/#local-main-organization-logo"},"image":{"@id":"https:\/\/www.sabbagh.ca\/en\/privacy-policy\/#local-main-organization-logo"},"sameAs":["https:\/\/www.facebook.com\/sabbaghassocie","https:\/\/www.linkedin.com\/company\/sabbagh-et-associe-inc\/"],"description":"Cabinet d\u2019avocats \u00e0 Montr\u00e9al depuis 30 ans. Notre cabinet est sp\u00e9cialis\u00e9 en mati\u00e8re de droit civil et en droit commercial. | Contactez-nous au 514-596-1457","legalName":"Sabbagh & Associ\u00e9","address":{"@id":"https:\/\/www.sabbagh.ca\/en\/privacy-policy\/#local-main-place-address"},"geo":{"@type":"GeoCoordinates","latitude":"44.5235937","longitude":"81.6608975"},"telephone":["514 596 1457"],"contactPoint":{"@type":"ContactPoint","telephone":"514 596 1457","email":"reception@sabbagh.ca"},"openingHoursSpecification":[{"@type":"OpeningHoursSpecification","dayOfWeek":["Monday","Tuesday","Wednesday","Thursday","Friday"],"opens":"09:00","closes":"17:00"},{"@type":"OpeningHoursSpecification","dayOfWeek":["Saturday","Sunday"],"opens":"00:00","closes":"00:00"}],"email":"reception@sabbagh.ca"},{"@type":"PostalAddress","@id":"https:\/\/www.sabbagh.ca\/en\/privacy-policy\/#local-main-place-address","streetAddress":"1600 Boul. Henri-Bourassa Ouest, Bureau 500","addressLocality":"Montreal","postalCode":"H3M 3E2","addressCountry":"CA"},{"@type":"ImageObject","inLanguage":"en-US","@id":"https:\/\/www.sabbagh.ca\/en\/privacy-policy\/#local-main-organization-logo","url":"https:\/\/www.sabbagh.ca\/wp-content\/uploads\/2017\/01\/logo.gif","contentUrl":"https:\/\/www.sabbagh.ca\/wp-content\/uploads\/2017\/01\/logo.gif","width":476,"height":120,"caption":"Sabbagh & Associ\u00e9"}]},"geo.placename":"Montreal","geo.position":{"lat":"44.5235937","long":"81.6608975"},"geo.region":"Canada"},"_links":{"self":[{"href":"https:\/\/www.sabbagh.ca\/en\/wp-json\/wp\/v2\/pages\/8012","targetHints":{"allow":["GET"]}}],"collection":[{"href":"https:\/\/www.sabbagh.ca\/en\/wp-json\/wp\/v2\/pages"}],"about":[{"href":"https:\/\/www.sabbagh.ca\/en\/wp-json\/wp\/v2\/types\/page"}],"author":[{"embeddable":true,"href":"https:\/\/www.sabbagh.ca\/en\/wp-json\/wp\/v2\/users\/5"}],"replies":[{"embeddable":true,"href":"https:\/\/www.sabbagh.ca\/en\/wp-json\/wp\/v2\/comments?post=8012"}],"version-history":[{"count":0,"href":"https:\/\/www.sabbagh.ca\/en\/wp-json\/wp\/v2\/pages\/8012\/revisions"}],"wp:attachment":[{"href":"https:\/\/www.sabbagh.ca\/en\/wp-json\/wp\/v2\/media?parent=8012"}],"wp:term":[{"taxonomy":"category","embeddable":true,"href":"https:\/\/www.sabbagh.ca\/en\/wp-json\/wp\/v2\/categories?post=8012"},{"taxonomy":"post_tag","embeddable":true,"href":"https:\/\/www.sabbagh.ca\/en\/wp-json\/wp\/v2\/tags?post=8012"}],"curies":[{"name":"wp","href":"https:\/\/api.w.org\/{rel}","templated":true}]}}